{"id":5702,"date":"2021-07-23T10:51:25","date_gmt":"2021-07-23T08:51:25","guid":{"rendered":"https:\/\/uyjbcet.cluster030.hosting.ovh.net\/assist\/?page_id=5702"},"modified":"2021-07-23T15:30:14","modified_gmt":"2021-07-23T13:30:14","slug":"scan-pass-kit","status":"publish","type":"page","link":"http:\/\/uyjbcet.cluster030.hosting.ovh.net\/assist\/scan-pass-kit\/","title":{"rendered":"Scan Pass Kit"},"content":{"rendered":"<div class=\"gb-container gb-container-9b09aff0\"><div class=\"gb-inside-container\">\n\n<h2 class=\"gb-headline gb-headline-ecbabcfd gb-headline-text\"> Contr\u00f4le Rapide du code barre 2D DOC, pass sanitaire, sur PC<\/h2>\n\n\n\n<figure class=\"wp-block-embed is-type-video is-provider-youtube wp-block-embed-youtube wp-embed-aspect-16-9 wp-has-aspect-ratio\"><div class=\"wp-block-embed__wrapper\">\n<iframe loading=\"lazy\" title=\"TousAntiCovid Verif, une application pour les professionnels\" width=\"1200\" height=\"675\" src=\"https:\/\/www.youtube.com\/embed\/P0ZA8ApNif8?feature=oembed\" frameborder=\"0\" allow=\"accelerometer; autoplay; clipboard-write; encrypted-media; gyroscope; picture-in-picture\" allowfullscreen><\/iframe>\n<\/div><\/figure>\n\n\n\n<div style=\"height:40px\" aria-hidden=\"true\" class=\"wp-block-spacer blanc\"><\/div>\n\n<\/div><div class=\"gb-shapes\"><div class=\"gb-shape gb-shape-1\"><svg xmlns=\"http:\/\/www.w3.org\/2000\/svg\" viewBox=\"0 0 1200 360\" preserveAspectRatio=\"none\"><path d=\"M1200 360H0V0l1200 348z\"\/><\/svg><\/div><\/div><\/div>\n\n<div class=\"gb-container gb-container-746652a2\"><div class=\"gb-inside-container\">\n\n<div class=\"wp-block-columns is-layout-flex wp-container-core-columns-is-layout-9d6595d7 wp-block-columns-is-layout-flex\">\n<div class=\"wp-block-column is-layout-flow wp-block-column-is-layout-flow\"><div class=\"gb-container gb-container-02118c54\"><div class=\"gb-inside-container\">\n\n<h4 class=\"gb-headline gb-headline-644d1a1c gb-headline-text\">Scanner imageur 2D \u00e9conomique et performant.<\/h4>\n\n\n\n<p class=\"gb-headline gb-headline-3d07c6cb gb-headline-text\">Grace \u00e0 une technologie avanc\u00e9, et son processeur 32 bit, le DC7500 lit tout les codes 1D et 2D, imprim\u00e9 sur papier, \u00e9tiquette plastique, \u00e9cran PC et Smartphone.<br><br>Le Kit est livr\u00e9 complet avec le scanner le soft et le petit manuel d&rsquo;installation et utilisation en fran\u00e7ais.<br><br>Utilisation id\u00e9ale en post fixe \u00e0 distance du PC pour une lecture autonome dite \u00ab\u00a0mains libres\u00a0\u00bb.<\/p>\n\n<\/div><\/div><\/div>\n\n\n\n<div class=\"wp-block-column is-layout-flow wp-block-column-is-layout-flow\"><div class=\"gb-container gb-container-fa07f34d\"><div class=\"gb-inside-container\">\n\n<div class=\"wp-block-image\"><figure class=\"aligncenter size-full is-resized\"><img loading=\"lazy\" decoding=\"async\" src=\"https:\/\/uyjbcet.cluster030.hosting.ovh.net\/assist\/wp-content\/uploads\/2021\/07\/qr-code-156717_640.png\" alt=\"\" class=\"wp-image-5748\" width=\"252\" height=\"218\"\/><\/figure><\/div>\n\n<\/div><\/div><\/div>\n<\/div>\n\n<\/div><div class=\"gb-shapes\"><div class=\"gb-shape gb-shape-1\"><svg xmlns=\"http:\/\/www.w3.org\/2000\/svg\" viewBox=\"0 0 1200 360\" preserveAspectRatio=\"none\"><path d=\"M1200 360H0V0l1200 348z\"\/><\/svg><\/div><\/div><\/div>\n\n<div class=\"gb-container gb-container-2bf391e6\"><div class=\"gb-inside-container\">\n\n<div class=\"wp-block-columns is-layout-flex wp-container-core-columns-is-layout-9d6595d7 wp-block-columns-is-layout-flex\">\n<div class=\"wp-block-column is-layout-flow wp-block-column-is-layout-flow\"><div class=\"gb-container gb-container-e2f5a6f4\"><div class=\"gb-inside-container\">\n\n<figure class=\"wp-block-image size-full\"><img loading=\"lazy\" decoding=\"async\" width=\"640\" height=\"341\" src=\"https:\/\/uyjbcet.cluster030.hosting.ovh.net\/assist\/wp-content\/uploads\/2021\/07\/qr-code-1903447_640.jpg\" alt=\"\" class=\"wp-image-5750\" srcset=\"http:\/\/uyjbcet.cluster030.hosting.ovh.net\/assist\/wp-content\/uploads\/2021\/07\/qr-code-1903447_640.jpg 640w, http:\/\/uyjbcet.cluster030.hosting.ovh.net\/assist\/wp-content\/uploads\/2021\/07\/qr-code-1903447_640-300x160.jpg 300w\" sizes=\"auto, (max-width: 640px) 100vw, 640px\" \/><\/figure>\n\n<\/div><\/div><\/div>\n\n\n\n<div class=\"wp-block-column is-layout-flow wp-block-column-is-layout-flow\"><div class=\"gb-container gb-container-c14fbe8b\"><div class=\"gb-inside-container\">\n\n<h4 class=\"gb-headline gb-headline-3f142f4c gb-headline-text\">Kit complet Lecteur imageur 300 scans\/secondes interface USB vers PC<br>Logiciel Scan PASS, Licence mono poste. <\/h4>\n\n\n\n<p class=\"gb-headline gb-headline-cce6e114 gb-headline-text\">Limite le temps de saisie dans les files d&rsquo;attente 2, 3 secondes par personne suffisent. Fonctionnement en tache de fond ou arri\u00e8re plan d&rsquo;application principale sur PC.<br><br>Distance de lecture suivant r\u00e9solution de 3.5 cm \u00e0 20 cm (minimum r\u00e9solution 0.1 mm) Lecture sur \u00e9cran t\u00e9l\u00e9phone, PC, Tablette.<br>C\u00e2ble USB de 1.8 M permet une installation d\u00e9port\u00e9e.<br><br>Documentation et manuel d&rsquo;installation en fran\u00e7ais. <\/p>\n\n<\/div><\/div><\/div>\n<\/div>\n\n<\/div><div class=\"gb-shapes\"><div class=\"gb-shape gb-shape-1\"><svg xmlns=\"http:\/\/www.w3.org\/2000\/svg\" viewBox=\"0 0 1200 360\" preserveAspectRatio=\"none\"><path d=\"M1200 360H0V0l1200 348z\"\/><\/svg><\/div><\/div><\/div>\n\n<div class=\"gb-container gb-container-1016e0d6\"><div class=\"gb-inside-container\">\n<div class=\"gb-container gb-container-a9c8a3c9\"><div class=\"gb-inside-container\">\n\n<h2 class=\"gb-headline gb-headline-81680a8f gb-headline-text\"><a href=\"https:\/\/uyjbcet.cluster030.hosting.ovh.net\/assist\/contact\/\" data-type=\"page\" data-id=\"3583\">Demandez un devis<\/a><\/h2>\n\n<\/div><\/div>\n\n\n<div class=\"wp-block-columns is-layout-flex wp-container-core-columns-is-layout-9d6595d7 wp-block-columns-is-layout-flex\">\n<div class=\"wp-block-column is-layout-flow wp-block-column-is-layout-flow\"><div class=\"gb-container gb-container-64843279\"><div class=\"gb-inside-container\">\n\n<h4 class=\"gb-headline gb-headline-7faade8c gb-headline-text\">Informations techniques :<\/h4>\n\n\n\n<p class=\"gb-headline gb-headline-5cb50af5 gb-headline-text\">Codes lus : tous les codes 1D et 2D :<br>code 2D Doc du pass sanitaire ultra rapide<br>Code 128, EAN128, Code 39, EAN, UPC, 2\/5 E<br>Flash Code, QR Code, Datamatrix PDF417<br><br>Logiciel simple et performant <br><span style=\"color: green\">Indication verte pass ok<\/span> <br><span style=\"color: red\">Rouge pass non valide<\/span><br><br>Historique des saisies pour rapport et statistiques<br>Dimensions scanner :<br>Long 67 mm * Large : 65 mm * Hauteur 35 mm<br>Poids : 60g fixation par insert au dos du bo\u00eetier.<br><br>Normes de s\u00e9curit\u00e9 et homologation :<br>S\u00e9curit\u00e9 laser National Niveau 2 Compatibilit\u00e9 \u00e9lectromagn\u00e9tique CE Rohs et FCC Quiescent. <br><br>Garantie 2 ans pi\u00e8ces et mains d\u2019\u0153uvre retour atelier, soci\u00e9t\u00e9 en France.  <\/p>\n\n<\/div><\/div><\/div>\n\n\n\n<div class=\"wp-block-column is-layout-flow wp-block-column-is-layout-flow\"><div class=\"gb-container gb-container-532b4599\"><div class=\"gb-inside-container\">\n\n<figure class=\"wp-block-image size-full\"><img loading=\"lazy\" decoding=\"async\" width=\"640\" height=\"366\" src=\"https:\/\/uyjbcet.cluster030.hosting.ovh.net\/assist\/wp-content\/uploads\/2021\/07\/hands-1167612_640.jpg\" alt=\"\" class=\"wp-image-5744\" srcset=\"http:\/\/uyjbcet.cluster030.hosting.ovh.net\/assist\/wp-content\/uploads\/2021\/07\/hands-1167612_640.jpg 640w, http:\/\/uyjbcet.cluster030.hosting.ovh.net\/assist\/wp-content\/uploads\/2021\/07\/hands-1167612_640-300x172.jpg 300w\" sizes=\"auto, (max-width: 640px) 100vw, 640px\" \/><\/figure>\n\n<\/div><\/div><\/div>\n<\/div>\n\n<\/div><\/div>","protected":false},"excerpt":{"rendered":"<p>Contr\u00f4le Rapide du code barre 2D DOC, pass sanitaire, sur PC Scanner imageur 2D \u00e9conomique et performant. Grace \u00e0 une technologie avanc\u00e9, et son processeur 32 bit, le DC7500 lit tout les codes 1D et 2D, imprim\u00e9 sur papier, \u00e9tiquette plastique, \u00e9cran PC et Smartphone. Le Kit est livr\u00e9 complet avec le scanner le soft &#8230; <a title=\"Scan Pass Kit\" class=\"read-more\" href=\"http:\/\/uyjbcet.cluster030.hosting.ovh.net\/assist\/scan-pass-kit\/\" aria-label=\"En savoir plus sur Scan Pass Kit\">Lire la suite<\/a><\/p>\n","protected":false},"author":1,"featured_media":0,"parent":0,"menu_order":0,"comment_status":"closed","ping_status":"closed","template":"","meta":{"footnotes":""},"class_list":["post-5702","page","type-page","status-publish"],"_links":{"self":[{"href":"http:\/\/uyjbcet.cluster030.hosting.ovh.net\/assist\/wp-json\/wp\/v2\/pages\/5702","targetHints":{"allow":["GET"]}}],"collection":[{"href":"http:\/\/uyjbcet.cluster030.hosting.ovh.net\/assist\/wp-json\/wp\/v2\/pages"}],"about":[{"href":"http:\/\/uyjbcet.cluster030.hosting.ovh.net\/assist\/wp-json\/wp\/v2\/types\/page"}],"author":[{"embeddable":true,"href":"http:\/\/uyjbcet.cluster030.hosting.ovh.net\/assist\/wp-json\/wp\/v2\/users\/1"}],"replies":[{"embeddable":true,"href":"http:\/\/uyjbcet.cluster030.hosting.ovh.net\/assist\/wp-json\/wp\/v2\/comments?post=5702"}],"version-history":[{"count":45,"href":"http:\/\/uyjbcet.cluster030.hosting.ovh.net\/assist\/wp-json\/wp\/v2\/pages\/5702\/revisions"}],"predecessor-version":[{"id":5776,"href":"http:\/\/uyjbcet.cluster030.hosting.ovh.net\/assist\/wp-json\/wp\/v2\/pages\/5702\/revisions\/5776"}],"wp:attachment":[{"href":"http:\/\/uyjbcet.cluster030.hosting.ovh.net\/assist\/wp-json\/wp\/v2\/media?parent=5702"}],"curies":[{"name":"wp","href":"https:\/\/api.w.org\/{rel}","templated":true}]}}